{"id":3820,"date":"2022-05-02T10:58:59","date_gmt":"2022-05-02T08:58:59","guid":{"rendered":"https:\/\/www.sohopark.sk\/adatvedelmi-nyilatkozat\/"},"modified":"2022-05-11T14:44:12","modified_gmt":"2022-05-11T12:44:12","slug":"adatvedelmi-nyilatkozat","status":"publish","type":"page","link":"https:\/\/www.sohopark.sk\/hu\/adatvedelmi-nyilatkozat\/","title":{"rendered":"Adatv\u00e9delmi nyilatkozat"},"content":{"rendered":"\t\t<div data-elementor-type=\"wp-page\" data-elementor-id=\"3820\" class=\"elementor elementor-3820 elementor-3806\" data-elementor-post-type=\"page\">\n\t\t\t\t\t\t<section data-dce-background-image-url=\"https:\/\/www.sohopark.sk\/wp-content\/uploads\/2022\/05\/7-min.jpg\" class=\"elementor-section elementor-top-section elementor-element elementor-element-3a951f1 elementor-section-height-min-height elementor-section-content-middle elementor-section-boxed elementor-section-height-default elementor-section-items-middle\" data-id=\"3a951f1\" data-element_type=\"section\" data-e-type=\"section\" data-settings=\"{&quot;background_background&quot;:&quot;classic&quot;}\">\n\t\t\t\t\t\t\t<div class=\"elementor-background-overlay\"><\/div>\n\t\t\t\t\t\t\t<div class=\"elementor-container elementor-column-gap-default\">\n\t\t\t\t\t<div class=\"elementor-column elementor-col-100 elementor-top-column elementor-element elementor-element-dac4d7d\" data-id=\"dac4d7d\" data-element_type=\"column\" data-e-type=\"column\">\n\t\t\t<div class=\"elementor-widget-wrap elementor-element-populated\">\n\t\t\t\t\t\t<div class=\"elementor-element elementor-element-40fcc14 elementor-widget elementor-widget-heading\" data-id=\"40fcc14\" data-element_type=\"widget\" data-e-type=\"widget\" data-widget_type=\"heading.default\">\n\t\t\t\t\t<h1 class=\"elementor-heading-title elementor-size-default\">Adatv\u00e9delmi nyilatkozat<\/h1>\t\t\t\t<\/div>\n\t\t\t\t<div class=\"elementor-element elementor-element-b4bdde5 animated-slow elementor-widget-divider--view-line elementor-invisible elementor-widget elementor-widget-divider\" data-id=\"b4bdde5\" data-element_type=\"widget\" data-e-type=\"widget\" data-settings=\"{&quot;_animation&quot;:&quot;fadeIn&quot;,&quot;_animation_delay&quot;:1500}\" data-widget_type=\"divider.default\">\n\t\t\t\t\t\t\t<div class=\"elementor-divider\">\n\t\t\t<span class=\"elementor-divider-separator\">\n\t\t\t\t\t\t<\/span>\n\t\t<\/div>\n\t\t\t\t\t\t<\/div>\n\t\t\t\t\t<\/div>\n\t\t<\/div>\n\t\t\t\t\t<\/div>\n\t\t<\/section>\n\t\t\t\t<section class=\"elementor-section elementor-top-section elementor-element elementor-element-7d2ff4e elementor-section-boxed elementor-section-height-default elementor-section-height-default\" data-id=\"7d2ff4e\" data-element_type=\"section\" data-e-type=\"section\" data-settings=\"{&quot;background_background&quot;:&quot;classic&quot;}\">\n\t\t\t\t\t\t<div class=\"elementor-container elementor-column-gap-default\">\n\t\t\t\t\t<div class=\"elementor-column elementor-col-100 elementor-top-column elementor-element elementor-element-fcaf5dd\" data-id=\"fcaf5dd\" data-element_type=\"column\" data-e-type=\"column\">\n\t\t\t<div class=\"elementor-widget-wrap elementor-element-populated\">\n\t\t\t\t\t\t<div data-dce-text-color=\"#000000\" class=\"elementor-element elementor-element-e851277 elementor-widget elementor-widget-text-editor\" data-id=\"e851277\" data-element_type=\"widget\" data-e-type=\"widget\" data-widget_type=\"text-editor.default\">\n\t\t\t\t\t\t\t\t\t<div class=\"td-page-content tagdiv-type\">\r\n<h2>Kik vagyunk<\/h2>\r\n<strong>C\u00e9gn\u00e9v:<\/strong> IMMO-MEM s.r.o\r\n\r\n<strong>I\u010cO:<\/strong> 44015844\r\n\r\n<strong>DI\u010c:<\/strong> 2022612482\r\n\r\n<strong>I\u010c DPH:<\/strong> SK2022612482\r\n\r\n<strong><span class=\"VIiyi\" lang=\"hu\"><span class=\"JLqJ4b\" data-language-for-alternatives=\"hu\" data-language-to-translate-into=\"sk\" data-phrase-index=\"0\" data-number-of-phrases=\"1\"><span class=\"Q4iAWc\">Bejegyzett sz\u00e9khely<\/span><\/span><\/span>:<\/strong> ul. Mieru 1, 945 01 Kom\u00e1rno, Slovensko\r\n\r\n<strong><span class=\"VIiyi\" lang=\"hu\"><span class=\"JLqJ4b\" data-language-for-alternatives=\"hu\" data-language-to-translate-into=\"sk\" data-phrase-index=\"0\" data-number-of-phrases=\"1\"><span class=\"Q4iAWc\">El\u00e9rhet\u0151s\u00e9g<\/span><\/span><\/span>:<\/strong> <a href=\"mailto:info@sohopark.sk\" target=\"_blank\" rel=\"noopener noreferrer\">info@sohopark.sk<\/a>\r\n\r\n<strong>Tel. sz.:<\/strong> <a href=\"tel:+421 903 236 898\" target=\"_blank\" rel=\"noopener noreferrer\">+421 903 236 898<\/a>\r\n<h2><span class=\"VIiyi\" lang=\"hu\"><span class=\"JLqJ4b\" data-language-for-alternatives=\"hu\" data-language-to-translate-into=\"sk\" data-phrase-index=\"0\" data-number-of-phrases=\"1\"><span class=\"Q4iAWc\">Milyen szem\u00e9lyes adatokat gy\u0171jt\u00fcnk \u00e9s mi\u00e9rt gy\u0171jtj\u00fck azokat?<\/span><\/span><\/span><\/h2>\r\n<h3><span class=\"VIiyi\" lang=\"hu\"><span class=\"JLqJ4b\" data-language-for-alternatives=\"hu\" data-language-to-translate-into=\"sk\" data-phrase-index=\"0\" data-number-of-phrases=\"1\"><span class=\"Q4iAWc\">Foglal\u00e1si \u0171rlapok<\/span><\/span><\/span><\/h3>\r\n<span class=\"VIiyi\" lang=\"hu\"><span class=\"JLqJ4b\" data-language-for-alternatives=\"hu\" data-language-to-translate-into=\"sk\" data-phrase-index=\"0\" data-number-of-phrases=\"1\"><span class=\"Q4iAWc\">Az e-mail c\u00edmeket rendszer\u00fcnk t\u00e1rolja, \u00e9s kiz\u00e1r\u00f3lag \u00fcgyfeleinkkel val\u00f3 kommunik\u00e1ci\u00f3ra haszn\u00e1ljuk \u0151ket.<\/span><\/span><\/span>\r\n<h3><span class=\"VIiyi\" lang=\"hu\"><span class=\"JLqJ4b\" data-language-for-alternatives=\"hu\" data-language-to-translate-into=\"sk\" data-phrase-index=\"0\" data-number-of-phrases=\"1\"><span class=\"Q4iAWc\">Cookie-k<\/span><\/span><\/span><\/h3>\r\n<span class=\"VIiyi\" lang=\"hu\"><span class=\"JLqJ4b\" data-language-for-alternatives=\"hu\" data-language-to-translate-into=\"sk\" data-phrase-index=\"0\" data-number-of-phrases=\"1\"><span class=\"Q4iAWc\">Ha megjegyz\u00e9st f\u0171z hozz\u00e1 oldalunkhoz, beleegyezik nev\u00e9nek, e-mail c\u00edm\u00e9nek \u00e9s weboldal\u00e1nak s\u00fctikben val\u00f3 t\u00e1rol\u00e1s\u00e1ba. Ez az \u00d6n k\u00e9nyelm\u00e9t szolg\u00e1lja, hogy ne kelljen \u00fajra kit\u00f6ltenie adatait \u00fajabb megjegyz\u00e9sek hozz\u00e1ad\u00e1sakor. Ezek a s\u00fctik egy \u00e9vig \u00e9rv\u00e9nyesek.<\/span><\/span><\/span>\r\n\r\n<span class=\"VIiyi\" lang=\"hu\"><span class=\"JLqJ4b\" data-language-for-alternatives=\"hu\" data-language-to-translate-into=\"sk\" data-phrase-index=\"0\" data-number-of-phrases=\"1\"><span class=\"Q4iAWc\">Ha rendelkezik fi\u00f3kkal a weboldalunkon, \u00e9s bejelentkezik, ideiglenes s\u00fctiket t\u00e1rolunk annak meg\u00e1llap\u00edt\u00e1s\u00e1ra, hogy b\u00f6ng\u00e9sz\u0151je elfogadja-e a cookie-kat. Ezek a cookie-k nem tartalmaznak szem\u00e9lyes adatokat, \u00e9s a b\u00f6ng\u00e9sz\u0151 bez\u00e1r\u00e1sakor t\u00f6rl\u0151dnek.<\/span><\/span><\/span>\r\n\r\n<span class=\"VIiyi\" lang=\"hu\"><span class=\"JLqJ4b\" data-language-for-alternatives=\"hu\" data-language-to-translate-into=\"sk\" data-phrase-index=\"0\" data-number-of-phrases=\"1\"><span class=\"Q4iAWc\">Amikor bejelentkezik, t\u00f6bb cookie-t \u00e1ll\u00edtunk be a bejelentkez\u00e9si adatok \u00e9s a megjelen\u00edt\u00e9si be\u00e1ll\u00edt\u00e1sok t\u00e1rol\u00e1s\u00e1ra. A bejelentkez\u00e9si cookie-k k\u00e9t napig \u00e9rv\u00e9nyesek, a megjelen\u00edt\u00e9si be\u00e1ll\u00edt\u00e1sok pedig egy \u00e9vig \u00e9rv\u00e9nyesek. Ha az \u201eeml\u00e9kszem\u201d opci\u00f3t v\u00e1lasztja, bejelentkez\u00e9se k\u00e9t h\u00e9tig \u00e9rv\u00e9nyes. Amikor kijelentkezik fi\u00f3kj\u00e1b\u00f3l, a cookie-k t\u00f6rl\u0151dnek.<\/span><\/span><\/span>\r\n\r\n<span class=\"VIiyi\" lang=\"hu\"><span class=\"JLqJ4b\" data-language-for-alternatives=\"hu\" data-language-to-translate-into=\"sk\" data-phrase-index=\"0\" data-number-of-phrases=\"1\"><span class=\"Q4iAWc\">Amikor szerkeszt vagy k\u00f6zz\u00e9tesz egy cikket, tov\u00e1bbi cookie-k ker\u00fclnek t\u00e1rol\u00e1sra a b\u00f6ng\u00e9sz\u0151j\u00e9ben. Ezek a s\u00fctik nem tartalmaznak szem\u00e9lyes adatokat, \u00e9s csak az \u00d6n \u00e1ltal szerkesztett cikkazonos\u00edt\u00f3ra hivatkoznak. A f\u00e1jlok 1 napig \u00e9rv\u00e9nyesek.<\/span><\/span><\/span>\r\n<h3><span class=\"VIiyi\" lang=\"hu\"><span class=\"JLqJ4b\" data-language-for-alternatives=\"hu\" data-language-to-translate-into=\"sk\" data-phrase-index=\"0\" data-number-of-phrases=\"1\"><span class=\"Q4iAWc\">Be\u00e1gyazott tartalom m\u00e1s webhelyekr\u0151l<\/span><\/span><\/span><\/h3>\r\n<span class=\"VIiyi\" lang=\"hu\"><span class=\"JLqJ4b\" data-language-for-alternatives=\"hu\" data-language-to-translate-into=\"sk\" data-phrase-index=\"0\" data-number-of-phrases=\"1\"><span class=\"Q4iAWc\">A webhelyen tal\u00e1lhat\u00f3 cikkek be\u00e1gyazott tartalmat (p\u00e9ld\u00e1ul vide\u00f3kat, k\u00e9peket, cikkeket stb.) tartalmazhatnak. A m\u00e1s webhelyekr\u0151l sz\u00e1rmaz\u00f3 be\u00e1gyazott tartalom \u00fagy viselkedik, mintha egy l\u00e1togat\u00f3 egy m\u00e1sik webhelyet l\u00e1togatna meg.<\/span><\/span><\/span>\r\n\r\n<span class=\"VIiyi\" lang=\"hu\"><span class=\"JLqJ4b\" data-language-for-alternatives=\"hu\" data-language-to-translate-into=\"sk\" data-phrase-index=\"0\" data-number-of-phrases=\"1\"><span class=\"Q4iAWc\">Ez a webhely szem\u00e9lyes adatokat gy\u0171jthet \u00d6nr\u0151l, cookie-kat haszn\u00e1lhat, harmadik f\u00e9lt\u0151l sz\u00e1rmaz\u00f3 nyomk\u00f6vet\u00e9st helyezhet el, \u00e9s figyelemmel k\u00eds\u00e9rheti a be\u00e1gyazott tartalommal val\u00f3 interakci\u00f3j\u00e1t, bele\u00e9rtve a be\u00e1gyazott tartalommal val\u00f3 interakci\u00f3j\u00e1nak nyomon k\u00f6vet\u00e9s\u00e9t, ha rendelkezik fi\u00f3kkal a webhelyen, \u00e9s be van jelentkezve.<\/span><\/span><\/span>\r\n<h3><span class=\"VIiyi\" lang=\"hu\"><span class=\"JLqJ4b\" data-language-for-alternatives=\"hu\" data-language-to-translate-into=\"sk\" data-phrase-index=\"0\" data-number-of-phrases=\"1\"><span class=\"Q4iAWc\">Analitika<\/span><\/span><\/span><\/h3>\r\n<span class=\"VIiyi\" lang=\"hu\"><span class=\"JLqJ4b\" data-language-for-alternatives=\"hu\" data-language-to-translate-into=\"sk\" data-phrase-index=\"0\" data-number-of-phrases=\"1\"><span class=\"Q4iAWc\">Google Analyticset haszn\u00e1lunk.<\/span><\/span><\/span>\r\n<h2><span class=\"VIiyi\" lang=\"hu\"><span class=\"JLqJ4b\" data-language-for-alternatives=\"hu\" data-language-to-translate-into=\"sk\" data-phrase-index=\"0\" data-number-of-phrases=\"1\"><span class=\"Q4iAWc\">Mennyi ideig \u0151rizz\u00fck meg adatait<\/span><\/span><\/span><\/h2>\r\n<span class=\"VIiyi\" lang=\"hu\"><span class=\"JLqJ4b\" data-language-for-alternatives=\"hu\" data-language-to-translate-into=\"sk\" data-phrase-index=\"0\" data-number-of-phrases=\"1\"><span class=\"Q4iAWc\">Megjegyz\u00e9s hozz\u00e1ad\u00e1sakor a megjegyz\u00e9s \u00e9s metaadatai k\u00fcl\u00f6n t\u00e1rol\u00f3dnak. Ez lehet\u0151v\u00e9 teszi sz\u00e1munkra, hogy automatikusan felismerj\u00fck \u00e9s j\u00f3v\u00e1hagyjuk a kapcsol\u00f3d\u00f3 megjegyz\u00e9seket an\u00e9lk\u00fcl, hogy moder\u00e1l\u00e1sra kellene visszatartanunk.<\/span><\/span><\/span>\r\n\r\n<span class=\"VIiyi\" lang=\"hu\"><span class=\"JLqJ4b\" data-language-for-alternatives=\"hu\" data-language-to-translate-into=\"sk\" data-phrase-index=\"0\" data-number-of-phrases=\"1\"><span class=\"Q4iAWc\">Megjegyz\u00e9s hozz\u00e1ad\u00e1sakor a megjegyz\u00e9s \u00e9s metaadatai k\u00fcl\u00f6n t\u00e1rol\u00f3dnak. Ez lehet\u0151v\u00e9 teszi sz\u00e1munkra, hogy automatikusan felismerj\u00fck \u00e9s j\u00f3v\u00e1hagyjuk a kapcsol\u00f3d\u00f3 megjegyz\u00e9seket an\u00e9lk\u00fcl, hogy moder\u00e1l\u00e1sra kellene visszatartanunk.<\/span><\/span><\/span>\r\n<h2><span class=\"VIiyi\" lang=\"hu\"><span class=\"JLqJ4b\" data-language-for-alternatives=\"hu\" data-language-to-translate-into=\"sk\" data-phrase-index=\"0\" data-number-of-phrases=\"1\"><span class=\"Q4iAWc\">Milyen jogai vannak az adataival kapcsolatban<\/span><\/span><\/span><\/h2>\r\n<span class=\"VIiyi\" lang=\"hu\"><span class=\"JLqJ4b\" data-language-for-alternatives=\"hu\" data-language-to-translate-into=\"sk\" data-phrase-index=\"0\" data-number-of-phrases=\"1\"><span class=\"Q4iAWc\">Ha rendelkezik fi\u00f3kkal ezen a weboldalon, vagy megjegyz\u00e9st f\u0171z\u00f6tt ide, k\u00e9rheti az \u00d6nr\u0151l t\u00e1rolt szem\u00e9lyes adatainak export\u00e1l\u00e1s\u00e1t, bele\u00e9rtve a sz\u00e1munkra megadott adatokat is. Szem\u00e9lyes adatok t\u00f6rl\u00e9s\u00e9t is k\u00e9rheti. Ez azonban nem vonatkozik azokra az adatokra, amelyeket adminisztrat\u00edv, jogi vagy biztons\u00e1gi okokb\u00f3l meg kell \u0151rizn\u00fcnk \u00d6nr\u0151l.<\/span><\/span><\/span>\r\n\r\n<\/div>\t\t\t\t\t\t\t\t<\/div>\n\t\t\t\t\t<\/div>\n\t\t<\/div>\n\t\t\t\t\t<\/div>\n\t\t<\/section>\n\t\t\t\t<\/div>\n\t\t","protected":false},"excerpt":{"rendered":"<p>Kik vagyunk C\u00e9gn\u00e9v: IMMO-MEM s.r.o I\u010cO: 44015844 DI\u010c: 2022612482 I\u010c DPH: SK2022612482 Bejegyzett sz\u00e9khely: ul. Mieru 1, 945 01 Kom\u00e1rno, Slovensko El\u00e9rhet\u0151s\u00e9g: info@sohopark.sk Tel. sz.: +421 903 236 898 Milyen szem\u00e9lyes adatokat gy\u0171jt\u00fcnk \u00e9s mi\u00e9rt gy\u0171jtj\u00fck azokat? Foglal\u00e1si \u0171rlapok Az e-mail c\u00edmeket rendszer\u00fcnk t\u00e1rolja, \u00e9s kiz\u00e1r\u00f3lag \u00fcgyfeleinkkel val\u00f3 kommunik\u00e1ci\u00f3ra haszn\u00e1ljuk \u0151ket. Cookie-k Ha megjegyz\u00e9st f\u0171z [&hellip;]<\/p>\n","protected":false},"author":1,"featured_media":0,"parent":0,"menu_order":0,"comment_status":"closed","ping_status":"closed","template":"","meta":{"_acf_changed":false,"inline_featured_image":false,"footnotes":""},"class_list":["post-3820","page","type-page","status-publish","hentry"],"acf":[],"_links":{"self":[{"href":"https:\/\/www.sohopark.sk\/hu\/wp-json\/wp\/v2\/pages\/3820","targetHints":{"allow":["GET"]}}],"collection":[{"href":"https:\/\/www.sohopark.sk\/hu\/wp-json\/wp\/v2\/pages"}],"about":[{"href":"https:\/\/www.sohopark.sk\/hu\/wp-json\/wp\/v2\/types\/page"}],"author":[{"embeddable":true,"href":"https:\/\/www.sohopark.sk\/hu\/wp-json\/wp\/v2\/users\/1"}],"replies":[{"embeddable":true,"href":"https:\/\/www.sohopark.sk\/hu\/wp-json\/wp\/v2\/comments?post=3820"}],"version-history":[{"count":0,"href":"https:\/\/www.sohopark.sk\/hu\/wp-json\/wp\/v2\/pages\/3820\/revisions"}],"wp:attachment":[{"href":"https:\/\/www.sohopark.sk\/hu\/wp-json\/wp\/v2\/media?parent=3820"}],"curies":[{"name":"wp","href":"https:\/\/api.w.org\/{rel}","templated":true}]}}