{"id":3203,"date":"2020-11-06T14:52:22","date_gmt":"2020-11-06T13:52:22","guid":{"rendered":"https:\/\/sohopark.22projects.sk\/lokalita\/"},"modified":"2022-09-16T10:22:46","modified_gmt":"2022-09-16T08:22:46","slug":"elhelyezkedes","status":"publish","type":"page","link":"https:\/\/www.sohopark.sk\/hu\/elhelyezkedes\/","title":{"rendered":"Elhelyezked\u00e9s"},"content":{"rendered":"\t\t<div data-elementor-type=\"wp-page\" data-elementor-id=\"3203\" class=\"elementor elementor-3203 elementor-1006\" data-elementor-post-type=\"page\">\n\t\t\t\t\t\t<section data-dce-background-image-url=\"https:\/\/www.sohopark.sk\/wp-content\/uploads\/2022\/05\/7-min.jpg\" class=\"elementor-section elementor-top-section elementor-element elementor-element-766baf5f elementor-section-height-min-height elementor-section-content-middle elementor-section-boxed elementor-section-height-default elementor-section-items-middle\" data-id=\"766baf5f\" data-element_type=\"section\" data-e-type=\"section\" data-settings=\"{&quot;background_background&quot;:&quot;classic&quot;}\">\n\t\t\t\t\t\t\t<div class=\"elementor-background-overlay\"><\/div>\n\t\t\t\t\t\t\t<div class=\"elementor-container elementor-column-gap-default\">\n\t\t\t\t\t<div class=\"elementor-column elementor-col-100 elementor-top-column elementor-element elementor-element-29ba71db\" data-id=\"29ba71db\" data-element_type=\"column\" data-e-type=\"column\">\n\t\t\t<div class=\"elementor-widget-wrap elementor-element-populated\">\n\t\t\t\t\t\t<div class=\"elementor-element elementor-element-5d86d6e5 elementor-widget elementor-widget-heading\" data-id=\"5d86d6e5\" data-element_type=\"widget\" data-e-type=\"widget\" data-widget_type=\"heading.default\">\n\t\t\t\t\t<h1 class=\"elementor-heading-title elementor-size-default\">A K\u00f6rny\u00e9k<\/h1>\t\t\t\t<\/div>\n\t\t\t\t<div class=\"elementor-element elementor-element-11fc4908 animated-fast elementor-widget-divider--view-line elementor-invisible elementor-widget elementor-widget-divider\" data-id=\"11fc4908\" data-element_type=\"widget\" data-e-type=\"widget\" data-settings=\"{&quot;_animation&quot;:&quot;fadeIn&quot;,&quot;_animation_delay&quot;:0}\" data-widget_type=\"divider.default\">\n\t\t\t\t\t\t\t<div class=\"elementor-divider\">\n\t\t\t<span class=\"elementor-divider-separator\">\n\t\t\t\t\t\t<\/span>\n\t\t<\/div>\n\t\t\t\t\t\t<\/div>\n\t\t\t\t<div data-dce-text-color=\"#FFFFFF\" class=\"elementor-element elementor-element-656c82e elementor-widget elementor-widget-text-editor\" data-id=\"656c82e\" data-element_type=\"widget\" data-e-type=\"widget\" data-widget_type=\"text-editor.default\">\n\t\t\t\t\t\t\t\t\t<p><span style=\"font-weight: 400;\">A SOHO PARK lak\u00f3\u00f6vezet elhelyezked\u00e9se els\u0151rang\u00fa kapcsolatot biztos\u00edt a vid\u00e9ki nyugalom \u00e9s a v\u00e1ros k\u00f6zels\u00e9ge k\u00f6z\u00f6tt.<\/span><\/p>\n\t\t\t\t\t\t\t\t<\/div>\n\t\t\t\t\t<\/div>\n\t\t<\/div>\n\t\t\t\t\t<\/div>\n\t\t<\/section>\n\t\t\t\t<section class=\"elementor-section elementor-top-section elementor-element elementor-element-1f21f76 elementor-section-full_width elementor-section-height-default elementor-section-height-default\" data-id=\"1f21f76\" data-element_type=\"section\" data-e-type=\"section\" data-settings=\"{&quot;background_background&quot;:&quot;classic&quot;}\">\n\t\t\t\t\t\t<div class=\"elementor-container elementor-column-gap-default\">\n\t\t\t\t\t<div class=\"elementor-column elementor-col-100 elementor-top-column elementor-element elementor-element-dbc0463\" data-id=\"dbc0463\" data-element_type=\"column\" data-e-type=\"column\">\n\t\t\t<div class=\"elementor-widget-wrap elementor-element-populated\">\n\t\t\t\t\t\t<div data-dce-title-color=\"#000000\" class=\"elementor-element elementor-element-8d4d59d elementor-widget elementor-widget-heading\" data-id=\"8d4d59d\" data-element_type=\"widget\" data-e-type=\"widget\" data-widget_type=\"heading.default\">\n\t\t\t\t\t<h2 class=\"elementor-heading-title elementor-size-default\">Biztons\u00e1gos \u00e9s nyugodt otthon, <br>egy l\u00e9p\u00e9sre a v\u00e1rost\u00f3l<\/h2>\t\t\t\t<\/div>\n\t\t\t\t<div class=\"elementor-element elementor-element-58285b3 elementor-widget-divider--view-line elementor-widget elementor-widget-divider\" data-id=\"58285b3\" data-element_type=\"widget\" data-e-type=\"widget\" data-widget_type=\"divider.default\">\n\t\t\t\t\t\t\t<div class=\"elementor-divider\">\n\t\t\t<span class=\"elementor-divider-separator\">\n\t\t\t\t\t\t<\/span>\n\t\t<\/div>\n\t\t\t\t\t\t<\/div>\n\t\t\t\t<div data-dce-text-color=\"#000000\" class=\"elementor-element elementor-element-1d8229b elementor-widget elementor-widget-text-editor\" data-id=\"1d8229b\" data-element_type=\"widget\" data-e-type=\"widget\" data-widget_type=\"text-editor.default\">\n\t\t\t\t\t\t\t\t\t<p><span style=\"font-weight: 400;\">Gad\u00f3c v\u00e1rosr\u00e9sz t\u00f6k\u00e9letes helysz\u00ednt k\u00edn\u00e1l a vid\u00e9ki \u00e9let nyugalm\u00e1hoz, mindezt r\u00e1ad\u00e1sul Kom\u00e1rom k\u00f6zels\u00e9g\u00e9ben. Mind\u00f6ssze egy 10 perces \u00fat \u00e9s m\u00e1ris felfedezhet\u0151 a nyugodt term\u00e9szet, de ugyanennyi id\u0151 el\u00e9g ahhoz, hogy a v\u00e1ros legnagyobb bev\u00e1s\u00e1rl\u00f3k\u00f6zpontjaihoz (Family Center, OC Korzo, Lidl, Mercury Market, Tesco, Kaufland, Nay \u00e9s sok m\u00e1s) l\u00e1togasson el. Az utaz\u00e1s \u00e9s bev\u00e1s\u00e1rl\u00e1s lehet\u0151s\u00e9g\u00e9t seg\u00edti az \u00fajonnan felh\u00fazott Duna-h\u00edd is, mely Magyarorsz\u00e1ggal k\u00f6ti \u00f6ssze Szlov\u00e1ki\u00e1t.\u00a0<\/span><\/p>\n<p>&nbsp;<\/p>\n<p><span style=\"font-weight: 400;\">Sz\u00f3 szerint a lak\u00f3parkt\u00f3l csup\u00e1n p\u00e1r l\u00e9p\u00e9sre tal\u00e1lhat\u00f3 Gad\u00f3con az aut\u00f3busz-, valamint a vonat\u00e1llom\u00e1s. El\u0151bbi gyalog mind\u00f6ssze 2 perces, m\u00edg ut\u00f3bbi 5 perces s\u00e9t\u00e1val k\u00f6zel\u00edthet\u0151 meg. Ennek ellen\u00e9re mindk\u00e9t \u00e1llom\u00e1s pont elegend\u0151 t\u00e1vols\u00e1gra fekszik a lak\u00f3\u00f6vezett\u0151l ahhoz, hogy ne zavarj\u00e1k \u00d6nt a pihen\u00e9sben.\u00a0<\/span><\/p>\n<p><span style=\"font-weight: 400;\">Otthona m\u00f6g\u00f6tt pedig napi szinten juthat majd hozz\u00e1 a legfrissebb p\u00e9k\u00e1ruhoz, valamint a helyi p\u00f6rk\u00f6l\u0151b\u0151l sz\u00e1rmaz\u00f3 k\u00e1v\u00e9hoz.\u00a0<\/span><\/p>\n<p><span style=\"font-weight: 400;\">Hogy m\u00e1shogy is n\u00e9zhetne ki egy t\u00f6k\u00e9letes reggel? <\/span><\/p>\n\t\t\t\t\t\t\t\t<\/div>\n\t\t\t\t\t<\/div>\n\t\t<\/div>\n\t\t\t\t<div class=\"elementor-column elementor-col-100 elementor-top-column elementor-element elementor-element-ea79cc0\" data-id=\"ea79cc0\" data-element_type=\"column\" data-e-type=\"column\">\n\t\t\t<div class=\"elementor-widget-wrap elementor-element-populated\">\n\t\t\t\t\t\t<div class=\"elementor-element elementor-element-3a20c87 elementor-widget elementor-widget-image\" data-id=\"3a20c87\" data-element_type=\"widget\" data-e-type=\"widget\" data-widget_type=\"image.default\">\n\t\t\t\t\t\t\t\t\t\t\t\t\t\t\t<img fetchpriority=\"high\" decoding=\"async\" width=\"1398\" height=\"1242\" src=\"https:\/\/www.sohopark.sk\/wp-content\/uploads\/2022\/05\/sohomap.jpg\" class=\"attachment-full size-full wp-image-4171\" alt=\"\" srcset=\"https:\/\/www.sohopark.sk\/wp-content\/uploads\/2022\/05\/sohomap.jpg 1398w, https:\/\/www.sohopark.sk\/wp-content\/uploads\/2022\/05\/sohomap-300x267.jpg 300w, https:\/\/www.sohopark.sk\/wp-content\/uploads\/2022\/05\/sohomap-1024x910.jpg 1024w, https:\/\/www.sohopark.sk\/wp-content\/uploads\/2022\/05\/sohomap-768x682.jpg 768w\" sizes=\"(max-width: 1398px) 100vw, 1398px\" \/>\t\t\t\t\t\t\t\t\t\t\t\t\t\t\t<\/div>\n\t\t\t\t\t<\/div>\n\t\t<\/div>\n\t\t\t\t\t<\/div>\n\t\t<\/section>\n\t\t\t\t<section data-dce-background-image-url=\"https:\/\/www.sohopark.sk\/wp-content\/uploads\/2020\/11\/Frame.jpg\" class=\"elementor-section elementor-top-section elementor-element elementor-element-b9b289d elementor-section-boxed elementor-section-height-default elementor-section-height-default\" data-id=\"b9b289d\" data-element_type=\"section\" data-e-type=\"section\" data-settings=\"{&quot;background_background&quot;:&quot;classic&quot;}\">\n\t\t\t\t\t\t<div class=\"elementor-container elementor-column-gap-default\">\n\t\t\t\t\t<div class=\"elementor-column elementor-col-100 elementor-top-column elementor-element elementor-element-929d4a7\" data-id=\"929d4a7\" data-element_type=\"column\" data-e-type=\"column\">\n\t\t\t<div class=\"elementor-widget-wrap elementor-element-populated\">\n\t\t\t\t\t\t<div class=\"elementor-element elementor-element-b876438 elementor-widget elementor-widget-heading\" data-id=\"b876438\" data-element_type=\"widget\" data-e-type=\"widget\" data-widget_type=\"heading.default\">\n\t\t\t\t\t<h2 class=\"elementor-heading-title elementor-size-default\">\"Az otthon az a hely, ahol az \u00e1lmok val\u00f3s\u00e1gg\u00e1 v\u00e1lnak.\"<\/h2>\t\t\t\t<\/div>\n\t\t\t\t\t<\/div>\n\t\t<\/div>\n\t\t\t\t\t<\/div>\n\t\t<\/section>\n\t\t\t\t<section data-dce-background-image-url=\"https:\/\/www.sohopark.sk\/wp-content\/uploads\/2022\/05\/2-min.jpg\" class=\"elementor-section elementor-top-section elementor-element elementor-element-b16f6a4 elementor-section-boxed elementor-section-height-default elementor-section-height-default\" data-id=\"b16f6a4\" data-element_type=\"section\" data-e-type=\"section\" data-settings=\"{&quot;background_background&quot;:&quot;classic&quot;}\">\n\t\t\t\t\t\t\t<div class=\"elementor-background-overlay\"><\/div>\n\t\t\t\t\t\t\t<div class=\"elementor-container elementor-column-gap-default\">\n\t\t\t\t\t<div class=\"elementor-column elementor-col-100 elementor-top-column elementor-element elementor-element-6dba546\" data-id=\"6dba546\" data-element_type=\"column\" data-e-type=\"column\">\n\t\t\t<div class=\"elementor-widget-wrap elementor-element-populated\">\n\t\t\t\t\t\t<div data-dce-title-color=\"#FFFFFF\" class=\"elementor-element elementor-element-41af1d3 elementor-widget elementor-widget-heading\" data-id=\"41af1d3\" data-element_type=\"widget\" data-e-type=\"widget\" data-widget_type=\"heading.default\">\n\t\t\t\t\t<h2 class=\"elementor-heading-title elementor-size-large\">Hamarosan elad\u00f3 lak\u00e1sok <br>a SOHO PARK lak\u00f3h\u00e1zban<\/h2>\t\t\t\t<\/div>\n\t\t\t\t<div class=\"elementor-element elementor-element-4c294ac elementor-widget-divider--view-line elementor-widget elementor-widget-divider\" data-id=\"4c294ac\" data-element_type=\"widget\" data-e-type=\"widget\" data-widget_type=\"divider.default\">\n\t\t\t\t\t\t\t<div class=\"elementor-divider\">\n\t\t\t<span class=\"elementor-divider-separator\">\n\t\t\t\t\t\t<\/span>\n\t\t<\/div>\n\t\t\t\t\t\t<\/div>\n\t\t\t\t<div data-dce-text-color=\"#FFFFFF\" class=\"elementor-element elementor-element-161cea3 elementor-widget elementor-widget-text-editor\" data-id=\"161cea3\" data-element_type=\"widget\" data-e-type=\"widget\" data-widget_type=\"text-editor.default\">\n\t\t\t\t\t\t\t\t\t<p><span class=\"VIiyi\" lang=\"hu\"><span class=\"JLqJ4b ChMk0b\" data-language-for-alternatives=\"hu\" data-language-to-translate-into=\"sk\" data-phrase-index=\"0\" data-number-of-phrases=\"2\"><span class=\"Q4iAWc\">J\u00f6vedelmez\u0151 elhelyezked\u00e9s, kiv\u00e1l\u00f3 szolg\u00e1ltat\u00e1sok, kapcsolat a term\u00e9szettel, mag\u00e1n\u00e9let \u00e9s biztons\u00e1g. <span class=\"JLqJ4b ChMk0b C1N51c\" data-language-for-alternatives=\"hu\" data-language-to-translate-into=\"sk\" data-phrase-index=\"1\" data-number-of-phrases=\"2\">A lak\u00e1stulajdonosok is \u00e9lvezhetik a Soho Park lak\u00f3komplexum minden el\u0151ny\u00e9t.<\/span><\/span><\/span><\/span><\/p>\n\t\t\t\t\t\t\t\t<\/div>\n\t\t\t\t<div class=\"elementor-element elementor-element-4768c43 elementor-align-center elementor-widget elementor-widget-button\" data-id=\"4768c43\" data-element_type=\"widget\" data-e-type=\"widget\" data-widget_type=\"button.default\">\n\t\t\t\t\t\t\t\t\t\t<a class=\"elementor-button elementor-button-link elementor-size-sm\" href=\"https:\/\/www.sohopark.sk\/hu\/rezervacio\/\">\n\t\t\t\t\t\t<span class=\"elementor-button-content-wrapper\">\n\t\t\t\t\t\t<span class=\"elementor-button-icon\">\n\t\t\t\t<svg xmlns=\"http:\/\/www.w3.org\/2000\/svg\" width=\"66\" height=\"16\" viewBox=\"0 0 66 16\" fill=\"none\"><path d=\"M65.7071 8.70711C66.0976 8.31658 66.0976 7.68342 65.7071 7.29289L59.3431 0.928932C58.9526 0.538408 58.3195 0.538408 57.9289 0.928932C57.5384 1.31946 57.5384 1.95262 57.9289 2.34315L63.5858 8L57.9289 13.6569C57.5384 14.0474 57.5384 14.6805 57.9289 15.0711C58.3195 15.4616 58.9526 15.4616 59.3431 15.0711L65.7071 8.70711ZM0 9H65V7H0V9Z\" fill=\"white\"><\/path><\/svg>\t\t\t<\/span>\n\t\t\t\t\t\t\t\t\t<span class=\"elementor-button-text\">Foglaljon lak\u00e1st most<\/span>\n\t\t\t\t\t<\/span>\n\t\t\t\t\t<\/a>\n\t\t\t\t\t\t\t\t<\/div>\n\t\t\t\t\t<\/div>\n\t\t<\/div>\n\t\t\t\t\t<\/div>\n\t\t<\/section>\n\t\t\t\t<\/div>\n\t\t","protected":false},"excerpt":{"rendered":"<p>A K\u00f6rny\u00e9k A SOHO PARK lak\u00f3\u00f6vezet elhelyezked\u00e9se els\u0151rang\u00fa kapcsolatot biztos\u00edt a vid\u00e9ki nyugalom \u00e9s a v\u00e1ros k\u00f6zels\u00e9ge k\u00f6z\u00f6tt. Biztons\u00e1gos \u00e9s nyugodt otthon, egy l\u00e9p\u00e9sre a v\u00e1rost\u00f3l Gad\u00f3c v\u00e1rosr\u00e9sz t\u00f6k\u00e9letes helysz\u00ednt k\u00edn\u00e1l a vid\u00e9ki \u00e9let nyugalm\u00e1hoz, mindezt r\u00e1ad\u00e1sul Kom\u00e1rom k\u00f6zels\u00e9g\u00e9ben. Mind\u00f6ssze egy 10 perces \u00fat \u00e9s m\u00e1ris felfedezhet\u0151 a nyugodt term\u00e9szet, de ugyanennyi id\u0151 el\u00e9g ahhoz, [&hellip;]<\/p>\n","protected":false},"author":1,"featured_media":0,"parent":0,"menu_order":0,"comment_status":"closed","ping_status":"closed","template":"","meta":{"_acf_changed":false,"inline_featured_image":false,"footnotes":""},"class_list":["post-3203","page","type-page","status-publish","hentry"],"acf":[],"_links":{"self":[{"href":"https:\/\/www.sohopark.sk\/hu\/wp-json\/wp\/v2\/pages\/3203","targetHints":{"allow":["GET"]}}],"collection":[{"href":"https:\/\/www.sohopark.sk\/hu\/wp-json\/wp\/v2\/pages"}],"about":[{"href":"https:\/\/www.sohopark.sk\/hu\/wp-json\/wp\/v2\/types\/page"}],"author":[{"embeddable":true,"href":"https:\/\/www.sohopark.sk\/hu\/wp-json\/wp\/v2\/users\/1"}],"replies":[{"embeddable":true,"href":"https:\/\/www.sohopark.sk\/hu\/wp-json\/wp\/v2\/comments?post=3203"}],"version-history":[{"count":0,"href":"https:\/\/www.sohopark.sk\/hu\/wp-json\/wp\/v2\/pages\/3203\/revisions"}],"wp:attachment":[{"href":"https:\/\/www.sohopark.sk\/hu\/wp-json\/wp\/v2\/media?parent=3203"}],"curies":[{"name":"wp","href":"https:\/\/api.w.org\/{rel}","templated":true}]}}